{"id":168,"date":"2015-06-18T23:46:44","date_gmt":"2015-06-18T23:46:44","guid":{"rendered":"http:\/\/lunchbox.progressionstudios.com\/?page_id=4"},"modified":"2026-04-12T14:28:37","modified_gmt":"2026-04-12T14:28:37","slug":"contact","status":"publish","type":"page","link":"https:\/\/patatesaintregis.com\/en\/contact\/","title":{"rendered":"Contact"},"content":{"rendered":"<div class=\"wpb-content-wrapper\"><div class=\"vc_row wpb_row vc_row-fluid\"><div class=\"wpb_column vc_column_container vc_col-sm-6\"><div class=\"vc_column-inner\"><div class=\"wpb_wrapper\">\n\t<div  class=\"wpb_single_image wpb_content_element vc_align_center wpb_content_element wpb_animate_when_almost_visible wpb_fadeIn fadeIn\">\n\t\t<h2 class=\"wpb_heading wpb_singleimage_heading\">Nathalie Auchu - Propri\u00e9taire<\/h2>\n\t\t<figure class=\"wpb_wrapper vc_figure\">\n\t\t\t<div class=\"vc_single_image-wrapper vc_box_circle  vc_box_border_grey\"><img loading=\"lazy\" decoding=\"async\" width=\"150\" height=\"150\" src=\"https:\/\/patatesaintregis.com\/wp-content\/uploads\/2026\/03\/Nathalie-Auchu-150x150.jpg\" class=\"vc_single_image-img attachment-thumbnail\" alt=\"\" title=\"Nathalie Auchu\" srcset=\"https:\/\/patatesaintregis.com\/wp-content\/uploads\/2026\/03\/Nathalie-Auchu-150x150.jpg 150w, https:\/\/patatesaintregis.com\/wp-content\/uploads\/2026\/03\/Nathalie-Auchu-300x300.jpg 300w, https:\/\/patatesaintregis.com\/wp-content\/uploads\/2026\/03\/Nathalie-Auchu-768x768.jpg 768w, https:\/\/patatesaintregis.com\/wp-content\/uploads\/2026\/03\/Nathalie-Auchu-12x12.jpg 12w, https:\/\/patatesaintregis.com\/wp-content\/uploads\/2026\/03\/Nathalie-Auchu-600x600.jpg 600w, https:\/\/patatesaintregis.com\/wp-content\/uploads\/2026\/03\/Nathalie-Auchu.jpg 900w\" sizes=\"auto, (max-width: 150px) 100vw, 150px\" \/><\/div>\n\t\t<\/figure>\n\t<\/div>\n\n\t<div class=\"wpb_text_column wpb_content_element\" >\n\t\t<div class=\"wpb_wrapper\">\n\t\t\t<h3>\u00c9crivez-nous<\/h3>\n\n\t\t<\/div>\n\t<\/div>\n\n<div class=\"wpcf7 no-js\" id=\"wpcf7-f23-o1\" lang=\"en-US\" dir=\"ltr\" data-wpcf7-id=\"23\">\n<div class=\"screen-reader-response\"><p role=\"status\" aria-live=\"polite\" aria-atomic=\"true\"><\/p> <ul><\/ul><\/div>\n<form action=\"\/en\/wp-json\/wp\/v2\/pages\/168#wpcf7-f23-o1\" method=\"post\" class=\"wpcf7-form init\" aria-label=\"Contact form\" novalidate=\"novalidate\" data-status=\"init\" data-trp-original-action=\"\/en\/wp-json\/wp\/v2\/pages\/168#wpcf7-f23-o1\">\n<fieldset class=\"hidden-fields-container\"><input type=\"hidden\" name=\"_wpcf7\" value=\"23\" \/><input type=\"hidden\" name=\"_wpcf7_version\" value=\"6.1.5\" \/><input type=\"hidden\" name=\"_wpcf7_locale\" value=\"en_US\" \/><input type=\"hidden\" name=\"_wpcf7_unit_tag\" value=\"wpcf7-f23-o1\" \/><input type=\"hidden\" name=\"_wpcf7_container_post\" value=\"0\" \/><input type=\"hidden\" name=\"_wpcf7_posted_data_hash\" value=\"\" \/>\n<\/fieldset>\n<p>Votre nom<span class=\"required\">*<\/span>\n<\/p>\n<p><span class=\"wpcf7-form-control-wrap\" data-name=\"your-name\"><input size=\"40\" maxlength=\"400\" class=\"wpcf7-form-control wpcf7-text wpcf7-validates-as-required\" aria-required=\"true\" aria-invalid=\"false\" value=\"\" type=\"text\" name=\"your-name\" \/><\/span>\n<\/p>\n<p>Votre courriel<span class=\"required\">*<\/span>\n<\/p>\n<p><span class=\"wpcf7-form-control-wrap\" data-name=\"your-email\"><input size=\"40\" maxlength=\"400\" class=\"wpcf7-form-control wpcf7-email wpcf7-validates-as-required wpcf7-text wpcf7-validates-as-email\" aria-required=\"true\" aria-invalid=\"false\" value=\"\" type=\"email\" name=\"your-email\" \/><\/span>\n<\/p>\n<p>Sujet\n<\/p>\n<p><span class=\"wpcf7-form-control-wrap\" data-name=\"your-subject\"><input size=\"40\" maxlength=\"400\" class=\"wpcf7-form-control wpcf7-text\" aria-invalid=\"false\" value=\"\" type=\"text\" name=\"your-subject\" \/><\/span>\n<\/p>\n<p>Votre message\n<\/p>\n<p><span class=\"wpcf7-form-control-wrap\" data-name=\"your-message\"><textarea cols=\"40\" rows=\"10\" maxlength=\"2000\" class=\"wpcf7-form-control wpcf7-textarea\" aria-invalid=\"false\" name=\"your-message\"><\/textarea><\/span>\n<\/p>\n<p><input class=\"wpcf7-form-control wpcf7-submit has-spinner\" type=\"submit\" value=\"Envoyez\" \/>\n<\/p><div class=\"wpcf7-response-output\" aria-hidden=\"true\"><\/div>\n<input type=\"hidden\" name=\"trp-form-language\" value=\"en\"\/><\/form>\n<\/div>\n<\/div><\/div><\/div><div class=\"wpb_column vc_column_container vc_col-sm-6\"><div class=\"vc_column-inner\"><div class=\"wpb_wrapper\"><div class=\"wpb_gmaps_widget wpb_content_element vc_map_responsive\"><div class=\"wpb_wrapper\"><div class=\"wpb_map_wraper\"><iframe loading=\"lazy\" src=\"https:\/\/maps.google.com\/maps?q=724%20Rang%20Saint-R%C3%A9gis%2C%20Saint-Isidore-de-Laprairie%2C%20QC%20J0L%202A0&#038;t=m&#038;z=16&#038;output=embed&#038;iwloc=near\" title=\"724 Rang Saint-R\u00e9gis, Saint-Isidore-de-Laprairie, QC J0L 2A0\" aria-label=\"724 Rang Saint-R\u00e9gis, Saint-Isidore-de-Laprairie, QC J0L 2A0\" ><\/iframe><\/div><\/div><\/div><\/div><\/div><\/div><\/div><div data-vc-full-width=\"true\" data-vc-full-width-temp=\"true\" data-vc-full-width-init=\"false\" data-vc-stretch-content=\"true\" class=\"vc_row wpb_row vc_row-fluid vc_custom_1435690237504 vc_row-has-fill\"><div class=\"wpb_column vc_column_container vc_col-sm-12 vc_col-has-fill\"><div class=\"vc_column-inner vc_custom_1435076106182\"><div class=\"wpb_wrapper\">\n\t<div class=\"wpb_text_column wpb_content_element\" >\n\t\t<div class=\"wpb_wrapper\">\n\t\t\t<h5 style=\"text-align: center;\">Nous sommes situ\u00e9s au 724 Rang Saint-R\u00e9gis \u00e0 Saint-Isidore<br \/>\nIci, on sert le bonheur, une frite \u00e0 la fois!<\/h5>\n\n\t\t<\/div>\n\t<\/div>\n<div class=\"pro-btn-container center-pro\"><a href=\"https:\/\/www.facebook.com\/patatesaintregis\" target=\"_blank\" class=\"pro-button-shortcode dark-style-pro normal-size-pro\">Suivez-nous sur Facebook <i class=\"vc_btn3-icon fa fa-brands fa-facebook\"><\/i><\/a><\/div><\/div><\/div><\/div><\/div><div class=\"vc_row-full-width vc_clearfix\"><\/div>\n<\/div>","protected":false},"excerpt":{"rendered":"Nathalie Auchu - Propri\u00e9taire \u00c9crivez-nous Votre nom* Votre courriel* Sujet Votre message Nous sommes situ\u00e9s au 724 Rang Saint-R\u00e9gis \u00e0 Saint-Isidore Ici, on sert le bonheur, une frite \u00e0 la fois! Suivez-nous sur Facebook","protected":false},"author":1,"featured_media":0,"parent":0,"menu_order":0,"comment_status":"closed","ping_status":"closed","template":"","meta":{"rs_blank_template":"","rs_page_bg_color":"","slide_template_v7":"","footnotes":""},"class_list":["post-168","page","type-page","status-publish","hentry"],"aioseo_notices":[],"_links":{"self":[{"href":"https:\/\/patatesaintregis.com\/en\/wp-json\/wp\/v2\/pages\/168","targetHints":{"allow":["GET"]}}],"collection":[{"href":"https:\/\/patatesaintregis.com\/en\/wp-json\/wp\/v2\/pages"}],"about":[{"href":"https:\/\/patatesaintregis.com\/en\/wp-json\/wp\/v2\/types\/page"}],"author":[{"embeddable":true,"href":"https:\/\/patatesaintregis.com\/en\/wp-json\/wp\/v2\/users\/1"}],"replies":[{"embeddable":true,"href":"https:\/\/patatesaintregis.com\/en\/wp-json\/wp\/v2\/comments?post=168"}],"version-history":[{"count":6,"href":"https:\/\/patatesaintregis.com\/en\/wp-json\/wp\/v2\/pages\/168\/revisions"}],"predecessor-version":[{"id":321,"href":"https:\/\/patatesaintregis.com\/en\/wp-json\/wp\/v2\/pages\/168\/revisions\/321"}],"wp:attachment":[{"href":"https:\/\/patatesaintregis.com\/en\/wp-json\/wp\/v2\/media?parent=168"}],"curies":[{"name":"wp","href":"https:\/\/api.w.org\/{rel}","templated":true}]}}