{"id":6,"date":"2015-06-18T23:46:50","date_gmt":"2015-06-18T23:46:50","guid":{"rendered":"http:\/\/lunchbox.progressionstudios.com\/?page_id=6"},"modified":"2026-04-05T14:04:22","modified_gmt":"2026-04-05T14:04:22","slug":"home","status":"publish","type":"page","link":"https:\/\/patatesaintregis.com\/en\/","title":{"rendered":"Accueil"},"content":{"rendered":"<div class=\"wpb-content-wrapper\"><div data-vc-full-width=\"true\" data-vc-full-width-temp=\"true\" data-vc-full-width-init=\"false\" data-vc-stretch-content=\"true\" class=\"vc_row wpb_row vc_row-fluid vc_custom_1435079248579 vc_row-has-fill\"><div class=\"wpb_column vc_column_container vc_col-sm-12 vc_col-has-fill\"><div class=\"vc_column-inner vc_custom_1435076106182\"><div class=\"wpb_wrapper\">\n\t<div class=\"wpb_text_column wpb_content_element\" >\n\t\t<div class=\"wpb_wrapper\">\n\t\t\t<h5 style=\"text-align: center;\">Nous sommes situ\u00e9s au 724 Rang Saint-R\u00e9gis \u00e0 Saint-Isidore<br \/>\nIci, on sert le bonheur, une frite \u00e0 la fois!<\/h5>\n\n\t\t<\/div>\n\t<\/div>\n<div class=\"pro-btn-container center-pro\"><a href=\"https:\/\/www.facebook.com\/patatesaintregis\" target=\"_blank\" class=\"pro-button-shortcode dark-style-pro normal-size-pro\">Suivez-nous sur Facebook <i class=\"vc_btn3-icon fa fa-brands fa-facebook\"><\/i><\/a><\/div><\/div><\/div><\/div><\/div><div class=\"vc_row-full-width vc_clearfix\"><\/div><div data-vc-full-width=\"true\" data-vc-full-width-temp=\"true\" data-vc-full-width-init=\"false\" data-vc-stretch-content=\"true\" class=\"vc_row wpb_row vc_row-fluid\"><div class=\"wpb_column vc_column_container vc_col-sm-12 vc_col-has-fill\"><div class=\"vc_column-inner vc_custom_1435076413987\"><div class=\"wpb_wrapper\"><\/div><\/div><\/div><\/div><div class=\"vc_row-full-width vc_clearfix\"><\/div><div data-vc-full-width=\"true\" data-vc-full-width-temp=\"true\" data-vc-full-width-init=\"false\" data-vc-stretch-content=\"true\" class=\"vc_row wpb_row vc_row-fluid vc_custom_1774634648839 vc_row-no-padding\"><div class=\"wpb_column vc_column_container vc_col-sm-12\"><div class=\"vc_column-inner\"><div class=\"wpb_wrapper\">\t\t\n\t\t\n\t\t<div id=\"pro-media-grid\">\n\n\t\t\t\n\t\t\t\t\t\t\n\t\t\t<div class=\"clearfix-pro\"><\/div>\n\t\t<\/div>\n\t\t\n\t\t\n\n    <\/div><\/div><\/div><\/div><div class=\"vc_row-full-width vc_clearfix\"><\/div><div style=\"min-height: 500px\" data-vc-full-width=\"true\" data-vc-full-width-temp=\"true\" data-vc-full-width-init=\"false\" class=\"vc_row wpb_row vc_row-fluid vc_custom_1774634662567 vc_row-has-fill\"><div class=\"dark-container wpb_column vc_column_container vc_col-sm-12\"><div class=\"vc_column-inner\"><div class=\"wpb_wrapper\"><div class=\"pro-btn-container center-pro\"><a href=\"https:\/\/patatesaintregis.com\/en\/notre-menu\/\" target=\"_self\"title=\"Menu\" class=\"pro-button-shortcode modern-style-pro large-size-pro\">Voir le menu <i class=\"vc_btn3-icon vc_li vc_li-food\"><\/i><\/a><\/div><\/div><\/div><\/div><\/div><div class=\"vc_row-full-width vc_clearfix\"><\/div><div data-vc-full-width=\"true\" data-vc-full-width-temp=\"true\" data-vc-full-width-init=\"false\" data-vc-stretch-content=\"true\" class=\"vc_row wpb_row vc_row-fluid vc_custom_1774600395919 vc_row-has-fill\"><div class=\"wpb_column vc_column_container vc_col-sm-12 vc_col-has-fill\"><div class=\"vc_column-inner vc_custom_1435076106182\"><div class=\"wpb_wrapper\"><div class=\"wpb_gmaps_widget wpb_content_element\"><div class=\"wpb_wrapper\"><div class=\"wpb_map_wraper\"><iframe loading=\"lazy\" src=\"https:\/\/maps.google.com\/maps?q=724%20Rang%20Saint-R%C3%A9gis%2C%20Saint-Isidore-de-Laprairie%2C%20QC%20J0L%202A0&#038;t=m&#038;z=15&#038;output=embed&#038;iwloc=near\" title=\"724 Rang Saint-R\u00e9gis, Saint-Isidore-de-Laprairie, QC J0L 2A0\" aria-label=\"724 Rang Saint-R\u00e9gis, Saint-Isidore-de-Laprairie, QC J0L 2A0\" height=\"500\" ><\/iframe><\/div><\/div><\/div><\/div><\/div><\/div><\/div><div class=\"vc_row-full-width vc_clearfix\"><\/div>\n<\/div>","protected":false},"excerpt":{"rendered":"Nous sommes situ\u00e9s au 724 Rang Saint-R\u00e9gis \u00e0 Saint-Isidore Ici, on sert le bonheur, une frite \u00e0 la fois! Suivez-nous sur Facebook Voir le menu","protected":false},"author":1,"featured_media":0,"parent":0,"menu_order":0,"comment_status":"closed","ping_status":"closed","template":"","meta":{"rs_blank_template":"","rs_page_bg_color":"","slide_template_v7":"","footnotes":""},"class_list":["post-6","page","type-page","status-publish","hentry"],"aioseo_notices":[],"_links":{"self":[{"href":"https:\/\/patatesaintregis.com\/en\/wp-json\/wp\/v2\/pages\/6","targetHints":{"allow":["GET"]}}],"collection":[{"href":"https:\/\/patatesaintregis.com\/en\/wp-json\/wp\/v2\/pages"}],"about":[{"href":"https:\/\/patatesaintregis.com\/en\/wp-json\/wp\/v2\/types\/page"}],"author":[{"embeddable":true,"href":"https:\/\/patatesaintregis.com\/en\/wp-json\/wp\/v2\/users\/1"}],"replies":[{"embeddable":true,"href":"https:\/\/patatesaintregis.com\/en\/wp-json\/wp\/v2\/comments?post=6"}],"version-history":[{"count":27,"href":"https:\/\/patatesaintregis.com\/en\/wp-json\/wp\/v2\/pages\/6\/revisions"}],"predecessor-version":[{"id":349,"href":"https:\/\/patatesaintregis.com\/en\/wp-json\/wp\/v2\/pages\/6\/revisions\/349"}],"wp:attachment":[{"href":"https:\/\/patatesaintregis.com\/en\/wp-json\/wp\/v2\/media?parent=6"}],"curies":[{"name":"wp","href":"https:\/\/api.w.org\/{rel}","templated":true}]}}